{"id":367,"date":"2025-07-02T10:19:50","date_gmt":"2025-07-02T10:19:50","guid":{"rendered":"https:\/\/steelblue-dotterel-713263.hostingersite.com\/?page_id=367"},"modified":"2025-07-02T10:25:41","modified_gmt":"2025-07-02T10:25:41","slug":"site-map","status":"publish","type":"page","link":"https:\/\/prorelocation.es\/ru\/site-map\/","title":{"rendered":"Site map"},"content":{"rendered":"<div data-elementor-type=\"wp-page\" data-elementor-id=\"367\" class=\"elementor elementor-367\" data-elementor-post-type=\"page\">\n\t\t\t\t<div class=\"elementor-element elementor-element-6e09d61 e-flex e-con-boxed e-con e-parent\" data-id=\"6e09d61\" data-element_type=\"container\" data-e-type=\"container\">\n\t\t\t\t\t<div class=\"e-con-inner\">\n\t\t<div class=\"elementor-element elementor-element-d040e21 e-con-full e-flex e-con e-child\" data-id=\"d040e21\" data-element_type=\"container\" data-e-type=\"container\">\n\t\t\t\t<div class=\"elementor-element elementor-element-7c5469e elementor-widget elementor-widget-text-editor\" data-id=\"7c5469e\" data-element_type=\"widget\" data-e-type=\"widget\" data-widget_type=\"text-editor.default\">\n\t\t\t\t<div class=\"elementor-widget-container\">\n\t\t\t\t\t\t\t\t\t<ul><li>\u00bfC\u00f3mo reubicarse?<\/li><li>\u00bfD\u00f3nde trasladarse?<\/li><li><a href=\"https:\/\/prorelocation.es\/ru\/equipo\/\">Equipo<\/a><\/li><li><a href=\"https:\/\/prorelocation.es\/ru\/eventos\/\">Eventos<\/a><\/li><li><a href=\"https:\/\/prorelocation.es\/ru\/contacto\/\">Contacte con<\/a><\/li><\/ul>\t\t\t\t\t\t\t\t<\/div>\n\t\t\t\t<\/div>\n\t\t\t\t<\/div>\n\t\t<div class=\"elementor-element elementor-element-d20ac2d e-con-full e-flex e-con e-child\" data-id=\"d20ac2d\" data-element_type=\"container\" data-e-type=\"container\">\n\t\t\t\t<div class=\"elementor-element elementor-element-be524ee elementor-widget elementor-widget-text-editor\" data-id=\"be524ee\" data-element_type=\"widget\" data-e-type=\"widget\" data-widget_type=\"text-editor.default\">\n\t\t\t\t<div class=\"elementor-widget-container\">\n\t\t\t\t\t\t\t\t\t<ul><li><a href=\"https:\/\/prorelocation.es\/ru\/terminos-y-condiciones\/\">T\u00e9rminos y condiciones<\/a><\/li><li><a href=\"https:\/\/prorelocation.es\/ru\/politicas-de-privacidad\/\">Pol\u00edtica de privacidad<\/a><\/li><li><a href=\"https:\/\/prorelocation.es\/ru\/politica-de-cookies\/\">Pol\u00edtica de cookies<\/a><\/li><li><a href=\"https:\/\/prorelocation.es\/ru\/accesibilidad\/\">Accesibilidad<\/a><\/li><li><a href=\"https:\/\/prorelocation.es\/ru\/aviso-legal\/\">Aviso legal<\/a><\/li><\/ul>\t\t\t\t\t\t\t\t<\/div>\n\t\t\t\t<\/div>\n\t\t\t\t<\/div>\n\t\t\t\t\t<\/div>\n\t\t\t\t<\/div>\n\t\t\t\t<\/div>","protected":false},"excerpt":{"rendered":"<p>\u00bfC\u00f3mo reubicarse? \u00bfD\u00f3nde trasladarse? Equipo Eventos Contacte con T\u00e9rminos y condiciones Pol\u00edtica de privacidad Pol\u00edtica de cookies Accesibilidad Aviso legal<\/p>","protected":false},"author":1,"featured_media":0,"parent":0,"menu_order":0,"comment_status":"closed","ping_status":"closed","template":"","meta":{"footnotes":""},"class_list":["post-367","page","type-page","status-publish","hentry"],"yoast_head":"<!-- This site is optimized with the Yoast SEO plugin v27.4 - https:\/\/yoast.com\/product\/yoast-seo-wordpress\/ -->\n<title>Site map - Pro<\/title>\n<meta name=\"robots\" content=\"index, follow, max-snippet:-1, max-image-preview:large, max-video-preview:-1\" \/>\n<link rel=\"canonical\" href=\"https:\/\/prorelocation.es\/ru\/site-map\/\" \/>\n<meta property=\"og:locale\" content=\"ru_RU\" \/>\n<meta property=\"og:type\" content=\"article\" \/>\n<meta property=\"og:title\" content=\"Site map - Pro\" \/>\n<meta property=\"og:description\" content=\"\u00bfC\u00f3mo reubicarse? \u00bfD\u00f3nde trasladarse? Equipo Eventos Contacte con T\u00e9rminos y condiciones Pol\u00edtica de privacidad Pol\u00edtica de cookies Accesibilidad Aviso legal\" \/>\n<meta property=\"og:url\" content=\"https:\/\/prorelocation.es\/ru\/site-map\/\" \/>\n<meta property=\"og:site_name\" content=\"Pro\" \/>\n<meta property=\"article:modified_time\" content=\"2025-07-02T10:25:41+00:00\" \/>\n<meta name=\"twitter:card\" content=\"summary_large_image\" \/>\n<meta name=\"twitter:label1\" content=\"\u041f\u0440\u0438\u043c\u0435\u0440\u043d\u043e\u0435 \u0432\u0440\u0435\u043c\u044f \u0434\u043b\u044f \u0447\u0442\u0435\u043d\u0438\u044f\" \/>\n\t<meta name=\"twitter:data1\" content=\"1 \u043c\u0438\u043d\u0443\u0442\u0430\" \/>\n<script type=\"application\/ld+json\" class=\"yoast-schema-graph\">{\"@context\":\"https:\\\/\\\/schema.org\",\"@graph\":[{\"@type\":\"WebPage\",\"@id\":\"https:\\\/\\\/prorelocation.es\\\/site-map\\\/\",\"url\":\"https:\\\/\\\/prorelocation.es\\\/site-map\\\/\",\"name\":\"Site map - Pro\",\"isPartOf\":{\"@id\":\"https:\\\/\\\/prorelocation.es\\\/#website\"},\"datePublished\":\"2025-07-02T10:19:50+00:00\",\"dateModified\":\"2025-07-02T10:25:41+00:00\",\"breadcrumb\":{\"@id\":\"https:\\\/\\\/prorelocation.es\\\/site-map\\\/#breadcrumb\"},\"inLanguage\":\"ru-RU\",\"potentialAction\":[{\"@type\":\"ReadAction\",\"target\":[\"https:\\\/\\\/prorelocation.es\\\/site-map\\\/\"]}]},{\"@type\":\"BreadcrumbList\",\"@id\":\"https:\\\/\\\/prorelocation.es\\\/site-map\\\/#breadcrumb\",\"itemListElement\":[{\"@type\":\"ListItem\",\"position\":1,\"name\":\"Home\",\"item\":\"https:\\\/\\\/prorelocation.es\\\/\"},{\"@type\":\"ListItem\",\"position\":2,\"name\":\"Site map\"}]},{\"@type\":\"WebSite\",\"@id\":\"https:\\\/\\\/prorelocation.es\\\/#website\",\"url\":\"https:\\\/\\\/prorelocation.es\\\/\",\"name\":\"Pro\",\"description\":\"Relocation\",\"publisher\":{\"@id\":\"https:\\\/\\\/prorelocation.es\\\/#organization\"},\"potentialAction\":[{\"@type\":\"SearchAction\",\"target\":{\"@type\":\"EntryPoint\",\"urlTemplate\":\"https:\\\/\\\/prorelocation.es\\\/?s={search_term_string}\"},\"query-input\":{\"@type\":\"PropertyValueSpecification\",\"valueRequired\":true,\"valueName\":\"search_term_string\"}}],\"inLanguage\":\"ru-RU\"},{\"@type\":\"Organization\",\"@id\":\"https:\\\/\\\/prorelocation.es\\\/#organization\",\"name\":\"Pro\",\"url\":\"https:\\\/\\\/prorelocation.es\\\/\",\"logo\":{\"@type\":\"ImageObject\",\"inLanguage\":\"ru-RU\",\"@id\":\"https:\\\/\\\/prorelocation.es\\\/#\\\/schema\\\/logo\\\/image\\\/\",\"url\":\"https:\\\/\\\/prorelocation.es\\\/wp-content\\\/uploads\\\/2025\\\/07\\\/pro-recolaction.png\",\"contentUrl\":\"https:\\\/\\\/prorelocation.es\\\/wp-content\\\/uploads\\\/2025\\\/07\\\/pro-recolaction.png\",\"width\":500,\"height\":119,\"caption\":\"Pro\"},\"image\":{\"@id\":\"https:\\\/\\\/prorelocation.es\\\/#\\\/schema\\\/logo\\\/image\\\/\"}}]}<\/script>\n<!-- \/ Yoast SEO plugin. -->","yoast_head_json":{"title":"Site map - Pro","robots":{"index":"index","follow":"follow","max-snippet":"max-snippet:-1","max-image-preview":"max-image-preview:large","max-video-preview":"max-video-preview:-1"},"canonical":"https:\/\/prorelocation.es\/ru\/site-map\/","og_locale":"ru_RU","og_type":"article","og_title":"Site map - Pro","og_description":"\u00bfC\u00f3mo reubicarse? \u00bfD\u00f3nde trasladarse? Equipo Eventos Contacte con T\u00e9rminos y condiciones Pol\u00edtica de privacidad Pol\u00edtica de cookies Accesibilidad Aviso legal","og_url":"https:\/\/prorelocation.es\/ru\/site-map\/","og_site_name":"Pro","article_modified_time":"2025-07-02T10:25:41+00:00","twitter_card":"summary_large_image","twitter_misc":{"\u041f\u0440\u0438\u043c\u0435\u0440\u043d\u043e\u0435 \u0432\u0440\u0435\u043c\u044f \u0434\u043b\u044f \u0447\u0442\u0435\u043d\u0438\u044f":"1 \u043c\u0438\u043d\u0443\u0442\u0430"},"schema":{"@context":"https:\/\/schema.org","@graph":[{"@type":"WebPage","@id":"https:\/\/prorelocation.es\/site-map\/","url":"https:\/\/prorelocation.es\/site-map\/","name":"Site map - Pro","isPartOf":{"@id":"https:\/\/prorelocation.es\/#website"},"datePublished":"2025-07-02T10:19:50+00:00","dateModified":"2025-07-02T10:25:41+00:00","breadcrumb":{"@id":"https:\/\/prorelocation.es\/site-map\/#breadcrumb"},"inLanguage":"ru-RU","potentialAction":[{"@type":"ReadAction","target":["https:\/\/prorelocation.es\/site-map\/"]}]},{"@type":"BreadcrumbList","@id":"https:\/\/prorelocation.es\/site-map\/#breadcrumb","itemListElement":[{"@type":"ListItem","position":1,"name":"Home","item":"https:\/\/prorelocation.es\/"},{"@type":"ListItem","position":2,"name":"Site map"}]},{"@type":"WebSite","@id":"https:\/\/prorelocation.es\/#website","url":"https:\/\/prorelocation.es\/","name":"Pro","description":"Relocation","publisher":{"@id":"https:\/\/prorelocation.es\/#organization"},"potentialAction":[{"@type":"SearchAction","target":{"@type":"EntryPoint","urlTemplate":"https:\/\/prorelocation.es\/?s={search_term_string}"},"query-input":{"@type":"PropertyValueSpecification","valueRequired":true,"valueName":"search_term_string"}}],"inLanguage":"ru-RU"},{"@type":"Organization","@id":"https:\/\/prorelocation.es\/#organization","name":"Pro","url":"https:\/\/prorelocation.es\/","logo":{"@type":"ImageObject","inLanguage":"ru-RU","@id":"https:\/\/prorelocation.es\/#\/schema\/logo\/image\/","url":"https:\/\/prorelocation.es\/wp-content\/uploads\/2025\/07\/pro-recolaction.png","contentUrl":"https:\/\/prorelocation.es\/wp-content\/uploads\/2025\/07\/pro-recolaction.png","width":500,"height":119,"caption":"Pro"},"image":{"@id":"https:\/\/prorelocation.es\/#\/schema\/logo\/image\/"}}]}},"_links":{"self":[{"href":"https:\/\/prorelocation.es\/ru\/wp-json\/wp\/v2\/pages\/367","targetHints":{"allow":["GET"]}}],"collection":[{"href":"https:\/\/prorelocation.es\/ru\/wp-json\/wp\/v2\/pages"}],"about":[{"href":"https:\/\/prorelocation.es\/ru\/wp-json\/wp\/v2\/types\/page"}],"author":[{"embeddable":true,"href":"https:\/\/prorelocation.es\/ru\/wp-json\/wp\/v2\/users\/1"}],"replies":[{"embeddable":true,"href":"https:\/\/prorelocation.es\/ru\/wp-json\/wp\/v2\/comments?post=367"}],"version-history":[{"count":19,"href":"https:\/\/prorelocation.es\/ru\/wp-json\/wp\/v2\/pages\/367\/revisions"}],"predecessor-version":[{"id":388,"href":"https:\/\/prorelocation.es\/ru\/wp-json\/wp\/v2\/pages\/367\/revisions\/388"}],"wp:attachment":[{"href":"https:\/\/prorelocation.es\/ru\/wp-json\/wp\/v2\/media?parent=367"}],"curies":[{"name":"wp","href":"https:\/\/api.w.org\/{rel}","templated":true}]}}