{"id":357,"date":"2025-07-02T10:11:23","date_gmt":"2025-07-02T10:11:23","guid":{"rendered":"https:\/\/steelblue-dotterel-713263.hostingersite.com\/?page_id=357"},"modified":"2025-07-02T10:15:34","modified_gmt":"2025-07-02T10:15:34","slug":"accesibilidad","status":"publish","type":"page","link":"https:\/\/prorelocation.es\/ru\/accesibilidad\/","title":{"rendered":"Accesibilidad"},"content":{"rendered":"<div data-elementor-type=\"wp-page\" data-elementor-id=\"357\" class=\"elementor elementor-357\" data-elementor-post-type=\"page\">\n\t\t\t\t<div class=\"elementor-element elementor-element-1a4c6fe e-flex e-con-boxed e-con e-parent\" data-id=\"1a4c6fe\" data-element_type=\"container\" data-e-type=\"container\">\n\t\t\t\t\t<div class=\"e-con-inner\">\n\t\t\t\t<div class=\"elementor-element elementor-element-b7956e4 elementor-widget elementor-widget-text-editor\" data-id=\"b7956e4\" data-element_type=\"widget\" data-e-type=\"widget\" data-widget_type=\"text-editor.default\">\n\t\t\t\t<div class=\"elementor-widget-container\">\n\t\t\t\t\t\t\t\t\t<p>En la construcci\u00f3n de la p\u00e1gina web de<a href=\"https:\/\/rincondealandalus.com\/\">&nbsp;<\/a><a href=\"https:\/\/leilamoreno.com\/\">www.<\/a>pro-relocation.es&nbsp;se han adoptado medidas con el objetivo de que el mayor n\u00famero posible de personas puedan llegar a la informaci\u00f3n que se transmite en ella, independientemente de las limitaciones de la persona o de las que se deriven del contexto de uso. As\u00ed, en la confecci\u00f3n del portal se han tenido en cuenta los siguientes aspectos:<\/p>\n<p>\u2022 Uso de CSS para la presentaci\u00f3n de la informaci\u00f3n.<br>\u2022 Etiquetas de marcaje.<br>\u2022 Sistemas de navegaci\u00f3n usables, intuitivos y alternativos.<br>\u2022 Descripciones alternativas en las im\u00e1genes.<br>\u2022 Verificaciones en la visualizaci\u00f3n con diferentes navegadores y dispositivos.<br>\u2022 Utilizaci\u00f3n de formatos universales y alternativos.<br>\u2022 Los enlaces ofrecen detalles de la funci\u00f3n o destino del hiperv\u00ednculo.<br>\u2022 Uso de los est\u00e1ndares del W3C.<br>\u2022 Acceso mediante atajos teclado a las principales opciones.<\/p>\n<p><strong>Cumplimiento De Los Est\u00e1ndares<\/strong><\/p>\n<p>Las p\u00e1ginas de este sitio Web cumplen la marca AA seg\u00fan la Norma UNE 139803:2004 y las Directrices de Accesibilidad para el Contenido Web 1.0 del W3C. Todos los requisitos de Prioridad 1 y Prioridad 2 y un subconjunto de los requisitos de Prioridad 3 han sido comprobados con un an\u00e1lisis manual de la accesibilidad a trav\u00e9s de diferentes herramientas semi-autom\u00e1ticas y agentes de usuario.<\/p>\n<p>Atajos De Teclado En esta Web puede hacer saltos ordenados en el contenido con la tecla Tab.<\/p>\n<p>Tama\u00f1o Del Texto<\/p>\n<p>El dise\u00f1o accesible permite que el usuario pueda ajustar las fuentes al tama\u00f1o que le convenga.<\/p>\n<p>Esta acci\u00f3n puede llevarse a cabo de diferentes maneras seg\u00fan el navegador web que se utilice.<\/p>\n<p>A continuaci\u00f3n se indica la acci\u00f3n de men\u00fa donde se encuentra esta funcionalidad en los navegadores m\u00e1s frecuentes:<br>\u2022 Mozilla Firefox: Ver &gt; Tama\u00f1o de texto &gt; Incrementar Internet<br>\u2022 Internet Explorer: Ver &gt; Tama\u00f1o de texto &gt; M\u00e1s grande<br>\u2022 Opera: View &gt; Zoom &gt; %<br>\u2022 Safari: View &gt; Make text bigger<br>\u2022 Google Chrome: Herramientas &gt; Zoom<br>Configuraci\u00f3n T\u00e9cnica Las p\u00e1ginas web est\u00e1n creadas con el CMS WordPress<\/p>\n<p>6.1.1. Informaci\u00f3n \u00datil Sobre La Accesibilidad Seguidamente se exponen una serie de enlaces organizados en diferentes categor\u00edas \u00fatiles para obtener m\u00e1s informaci\u00f3n sobre la accesibilidad. Accesibilidad Normas Y Documentos<\/p>\n<p>T\u00e9cnicos: http:\/\/www.w3c.org\/ Consorcio World Wide Web, grupo de trabajo de \u00e1mbito internacional que dicta l\u00edneas generales relacionadas con la web.<\/p>\n<p>http:\/\/www.w3c.org\/wai\/<br>Iniciativa de Accesibilidad Web del W3C.<\/p>\t\t\t\t\t\t\t\t<\/div>\n\t\t\t\t<\/div>\n\t\t\t\t\t<\/div>\n\t\t\t\t<\/div>\n\t\t\t\t<\/div>","protected":false},"excerpt":{"rendered":"<p>En la construcci\u00f3n de la p\u00e1gina web de&nbsp;www.pro-relocation.es&nbsp;se han adoptado medidas con el objetivo de que el mayor n\u00famero posible de personas puedan llegar a la informaci\u00f3n que se transmite en ella, independientemente de las limitaciones de la persona o de las que se deriven del contexto de uso. As\u00ed, en la confecci\u00f3n del portal [&hellip;]<\/p>","protected":false},"author":1,"featured_media":0,"parent":0,"menu_order":0,"comment_status":"closed","ping_status":"closed","template":"","meta":{"footnotes":""},"class_list":["post-357","page","type-page","status-publish","hentry"],"yoast_head":"<!-- This site is optimized with the Yoast SEO plugin v27.4 - https:\/\/yoast.com\/product\/yoast-seo-wordpress\/ -->\n<title>Accesibilidad - Pro<\/title>\n<meta name=\"robots\" content=\"index, follow, max-snippet:-1, max-image-preview:large, max-video-preview:-1\" \/>\n<link rel=\"canonical\" href=\"https:\/\/prorelocation.es\/ru\/accesibilidad\/\" \/>\n<meta property=\"og:locale\" content=\"ru_RU\" \/>\n<meta property=\"og:type\" content=\"article\" \/>\n<meta property=\"og:title\" content=\"Accesibilidad - Pro\" \/>\n<meta property=\"og:description\" content=\"En la construcci\u00f3n de la p\u00e1gina web de&nbsp;www.pro-relocation.es&nbsp;se han adoptado medidas con el objetivo de que el mayor n\u00famero posible de personas puedan llegar a la informaci\u00f3n que se transmite en ella, independientemente de las limitaciones de la persona o de las que se deriven del contexto de uso. As\u00ed, en la confecci\u00f3n del portal [&hellip;]\" \/>\n<meta property=\"og:url\" content=\"https:\/\/prorelocation.es\/ru\/accesibilidad\/\" \/>\n<meta property=\"og:site_name\" content=\"Pro\" \/>\n<meta property=\"article:modified_time\" content=\"2025-07-02T10:15:34+00:00\" \/>\n<meta name=\"twitter:card\" content=\"summary_large_image\" \/>\n<meta name=\"twitter:label1\" content=\"\u041f\u0440\u0438\u043c\u0435\u0440\u043d\u043e\u0435 \u0432\u0440\u0435\u043c\u044f \u0434\u043b\u044f \u0447\u0442\u0435\u043d\u0438\u044f\" \/>\n\t<meta name=\"twitter:data1\" content=\"2 \u043c\u0438\u043d\u0443\u0442\u044b\" \/>\n<script type=\"application\/ld+json\" class=\"yoast-schema-graph\">{\"@context\":\"https:\\\/\\\/schema.org\",\"@graph\":[{\"@type\":\"WebPage\",\"@id\":\"https:\\\/\\\/prorelocation.es\\\/accesibilidad\\\/\",\"url\":\"https:\\\/\\\/prorelocation.es\\\/accesibilidad\\\/\",\"name\":\"Accesibilidad - Pro\",\"isPartOf\":{\"@id\":\"https:\\\/\\\/prorelocation.es\\\/#website\"},\"datePublished\":\"2025-07-02T10:11:23+00:00\",\"dateModified\":\"2025-07-02T10:15:34+00:00\",\"breadcrumb\":{\"@id\":\"https:\\\/\\\/prorelocation.es\\\/accesibilidad\\\/#breadcrumb\"},\"inLanguage\":\"ru-RU\",\"potentialAction\":[{\"@type\":\"ReadAction\",\"target\":[\"https:\\\/\\\/prorelocation.es\\\/accesibilidad\\\/\"]}]},{\"@type\":\"BreadcrumbList\",\"@id\":\"https:\\\/\\\/prorelocation.es\\\/accesibilidad\\\/#breadcrumb\",\"itemListElement\":[{\"@type\":\"ListItem\",\"position\":1,\"name\":\"Home\",\"item\":\"https:\\\/\\\/prorelocation.es\\\/\"},{\"@type\":\"ListItem\",\"position\":2,\"name\":\"Accesibilidad\"}]},{\"@type\":\"WebSite\",\"@id\":\"https:\\\/\\\/prorelocation.es\\\/#website\",\"url\":\"https:\\\/\\\/prorelocation.es\\\/\",\"name\":\"Pro\",\"description\":\"Relocation\",\"publisher\":{\"@id\":\"https:\\\/\\\/prorelocation.es\\\/#organization\"},\"potentialAction\":[{\"@type\":\"SearchAction\",\"target\":{\"@type\":\"EntryPoint\",\"urlTemplate\":\"https:\\\/\\\/prorelocation.es\\\/?s={search_term_string}\"},\"query-input\":{\"@type\":\"PropertyValueSpecification\",\"valueRequired\":true,\"valueName\":\"search_term_string\"}}],\"inLanguage\":\"ru-RU\"},{\"@type\":\"Organization\",\"@id\":\"https:\\\/\\\/prorelocation.es\\\/#organization\",\"name\":\"Pro\",\"url\":\"https:\\\/\\\/prorelocation.es\\\/\",\"logo\":{\"@type\":\"ImageObject\",\"inLanguage\":\"ru-RU\",\"@id\":\"https:\\\/\\\/prorelocation.es\\\/#\\\/schema\\\/logo\\\/image\\\/\",\"url\":\"https:\\\/\\\/prorelocation.es\\\/wp-content\\\/uploads\\\/2025\\\/07\\\/pro-recolaction.png\",\"contentUrl\":\"https:\\\/\\\/prorelocation.es\\\/wp-content\\\/uploads\\\/2025\\\/07\\\/pro-recolaction.png\",\"width\":500,\"height\":119,\"caption\":\"Pro\"},\"image\":{\"@id\":\"https:\\\/\\\/prorelocation.es\\\/#\\\/schema\\\/logo\\\/image\\\/\"}}]}<\/script>\n<!-- \/ Yoast SEO plugin. -->","yoast_head_json":{"title":"Accesibilidad - Pro","robots":{"index":"index","follow":"follow","max-snippet":"max-snippet:-1","max-image-preview":"max-image-preview:large","max-video-preview":"max-video-preview:-1"},"canonical":"https:\/\/prorelocation.es\/ru\/accesibilidad\/","og_locale":"ru_RU","og_type":"article","og_title":"Accesibilidad - Pro","og_description":"En la construcci\u00f3n de la p\u00e1gina web de&nbsp;www.pro-relocation.es&nbsp;se han adoptado medidas con el objetivo de que el mayor n\u00famero posible de personas puedan llegar a la informaci\u00f3n que se transmite en ella, independientemente de las limitaciones de la persona o de las que se deriven del contexto de uso. As\u00ed, en la confecci\u00f3n del portal [&hellip;]","og_url":"https:\/\/prorelocation.es\/ru\/accesibilidad\/","og_site_name":"Pro","article_modified_time":"2025-07-02T10:15:34+00:00","twitter_card":"summary_large_image","twitter_misc":{"\u041f\u0440\u0438\u043c\u0435\u0440\u043d\u043e\u0435 \u0432\u0440\u0435\u043c\u044f \u0434\u043b\u044f \u0447\u0442\u0435\u043d\u0438\u044f":"2 \u043c\u0438\u043d\u0443\u0442\u044b"},"schema":{"@context":"https:\/\/schema.org","@graph":[{"@type":"WebPage","@id":"https:\/\/prorelocation.es\/accesibilidad\/","url":"https:\/\/prorelocation.es\/accesibilidad\/","name":"Accesibilidad - Pro","isPartOf":{"@id":"https:\/\/prorelocation.es\/#website"},"datePublished":"2025-07-02T10:11:23+00:00","dateModified":"2025-07-02T10:15:34+00:00","breadcrumb":{"@id":"https:\/\/prorelocation.es\/accesibilidad\/#breadcrumb"},"inLanguage":"ru-RU","potentialAction":[{"@type":"ReadAction","target":["https:\/\/prorelocation.es\/accesibilidad\/"]}]},{"@type":"BreadcrumbList","@id":"https:\/\/prorelocation.es\/accesibilidad\/#breadcrumb","itemListElement":[{"@type":"ListItem","position":1,"name":"Home","item":"https:\/\/prorelocation.es\/"},{"@type":"ListItem","position":2,"name":"Accesibilidad"}]},{"@type":"WebSite","@id":"https:\/\/prorelocation.es\/#website","url":"https:\/\/prorelocation.es\/","name":"Pro","description":"Relocation","publisher":{"@id":"https:\/\/prorelocation.es\/#organization"},"potentialAction":[{"@type":"SearchAction","target":{"@type":"EntryPoint","urlTemplate":"https:\/\/prorelocation.es\/?s={search_term_string}"},"query-input":{"@type":"PropertyValueSpecification","valueRequired":true,"valueName":"search_term_string"}}],"inLanguage":"ru-RU"},{"@type":"Organization","@id":"https:\/\/prorelocation.es\/#organization","name":"Pro","url":"https:\/\/prorelocation.es\/","logo":{"@type":"ImageObject","inLanguage":"ru-RU","@id":"https:\/\/prorelocation.es\/#\/schema\/logo\/image\/","url":"https:\/\/prorelocation.es\/wp-content\/uploads\/2025\/07\/pro-recolaction.png","contentUrl":"https:\/\/prorelocation.es\/wp-content\/uploads\/2025\/07\/pro-recolaction.png","width":500,"height":119,"caption":"Pro"},"image":{"@id":"https:\/\/prorelocation.es\/#\/schema\/logo\/image\/"}}]}},"_links":{"self":[{"href":"https:\/\/prorelocation.es\/ru\/wp-json\/wp\/v2\/pages\/357","targetHints":{"allow":["GET"]}}],"collection":[{"href":"https:\/\/prorelocation.es\/ru\/wp-json\/wp\/v2\/pages"}],"about":[{"href":"https:\/\/prorelocation.es\/ru\/wp-json\/wp\/v2\/types\/page"}],"author":[{"embeddable":true,"href":"https:\/\/prorelocation.es\/ru\/wp-json\/wp\/v2\/users\/1"}],"replies":[{"embeddable":true,"href":"https:\/\/prorelocation.es\/ru\/wp-json\/wp\/v2\/comments?post=357"}],"version-history":[{"count":4,"href":"https:\/\/prorelocation.es\/ru\/wp-json\/wp\/v2\/pages\/357\/revisions"}],"predecessor-version":[{"id":361,"href":"https:\/\/prorelocation.es\/ru\/wp-json\/wp\/v2\/pages\/357\/revisions\/361"}],"wp:attachment":[{"href":"https:\/\/prorelocation.es\/ru\/wp-json\/wp\/v2\/media?parent=357"}],"curies":[{"name":"wp","href":"https:\/\/api.w.org\/{rel}","templated":true}]}}