{"id":344,"date":"2025-07-02T10:05:33","date_gmt":"2025-07-02T10:05:33","guid":{"rendered":"https:\/\/steelblue-dotterel-713263.hostingersite.com\/?page_id=344"},"modified":"2025-07-02T10:07:45","modified_gmt":"2025-07-02T10:07:45","slug":"politicas-de-privacidad","status":"publish","type":"page","link":"https:\/\/prorelocation.es\/ru\/politicas-de-privacidad\/","title":{"rendered":"Pol\u00edticas de privacidad"},"content":{"rendered":"<div data-elementor-type=\"wp-page\" data-elementor-id=\"344\" class=\"elementor elementor-344\" data-elementor-post-type=\"page\">\n\t\t\t\t<div class=\"elementor-element elementor-element-89709a3 e-flex e-con-boxed e-con e-parent\" data-id=\"89709a3\" data-element_type=\"container\" data-e-type=\"container\">\n\t\t\t\t\t<div class=\"e-con-inner\">\n\t\t\t\t<div class=\"elementor-element elementor-element-c48348f elementor-widget elementor-widget-text-editor\" data-id=\"c48348f\" data-element_type=\"widget\" data-e-type=\"widget\" data-widget_type=\"text-editor.default\">\n\t\t\t\t<div class=\"elementor-widget-container\">\n\t\t\t\t\t\t\t\t\t<p><b><i>Esta pol\u00edtica de privacidad fue actualizada por \u00faltima vez en diciembre 30, 2024 y es aplicada a los ciudadanos del Espacio Econ\u00f3mico Europeo (UE).<\/i><\/b><\/p>\n<p>En esta declaraci\u00f3n de privacidad, explicamos lo que hacemos con los datos que obtenemos sobre usted a trav\u00e9s de pro-relocation.es\/&nbsp;Le recomendamos que lea atentamente esta declaraci\u00f3n. En nuestro procesamiento cumplimos con los requisitos de la legislaci\u00f3n de privacidad.<\/p>\n<p>Lo que significa, entre otras cosas, que:<\/p>\n<p>indicamos claramente los fines para los que procesamos los datos personales. Hacemos esto por medio de esta declaraci\u00f3n de privacidad.<br>nuestro objetivo es limitar nuestra recopilaci\u00f3n de datos personales a los datos personales necesarios para fines leg\u00edtimos.<br>en primer lugar, solicitamos su consentimiento expl\u00edcito para el tratamiento de sus datos personales en los casos en que sea necesario.<br>tomamos las medidas de seguridad adecuadas para proteger sus datos personales y tambi\u00e9n se lo exigimos a las partes que procesan datos personales en nuestro nombre;<br>respetamos su derecho a acceder, rectificar o cancelar sus datos personales previa solicitud. Si tiene alguna pregunta o desea saber exactamente qu\u00e9 datos sobre usted guardamos, p\u00f3ngase en contacto con nosotros.<br>1. Prop\u00f3sito, datos y periodo de retenci\u00f3n<br>1.1 Contacto \u2013 Por tel\u00e9fono, correo, correo electr\u00f3nico y\/o formularios en el sitio.<br>Retendremos los datos hasta que el servicio sea cancelado.<br>1.2 Para poder cumplir con las obligaciones legales. Retendremos los datos hasta que el<br>servicio sea cancelado.<br>1.3 Recopilaci\u00f3n y an\u00e1lisis de estad\u00edsticas para la mejora del sitio web. Retendremos los<br>datos hasta que el servicio sea cancelado.<br>2. Compartir con otras partes<br>S\u00f3lo compartimos o divulgamos estos datos a los procesadores para los siguientes<br>prop\u00f3sitos:<br>Procesadores de datos.<br>Nombre: Xpandex<br>Pa\u00eds: Espa\u00f1a<br>Prop\u00f3sito: Desarrollo y mantenimiento Web<br>3. Cookies<br>Nuestro sitio web utiliza cookies. Para m\u00e1s informaci\u00f3n acerca de las cookies, por favor refi\u00e9rase a nuestra Declaraci\u00f3n de Pol\u00edtica de Cookies. Tenemos un acuerdo de procesamiento de datos con Google.<br>4. Seguridad Estamos comprometidos con la seguridad de los datos personales. Tomamos las medidas de seguridad adecuadas para limitar el abuso y el acceso no autorizado a los datos personales. Esto asegura que s\u00f3lo las personas necesarias tengan acceso a sus datos,<br>que el acceso a los datos est\u00e9 protegido y que nuestras medidas de seguridad sean revisadas regularmente.<\/p>\n<p>5. Sitios web de terceros Esta declaraci\u00f3n de privacidad no se aplica a los sitios web de terceros conectados mediante enlaces en nuestro sitio web. No podemos garantizar que estas terceras partes<br>manejen sus datos personales de forma fiable o segura. Le recomendamos que lea las declaraciones de privacidad de estos sitios web antes de utilizarlos.<\/p>\n<p>6. Privacidad y referencia a la declaraci\u00f3n de privacidad<br>Nos reservamos el derecho de hacer enmiendas a esta declaraci\u00f3n de privacidad. Se recomienda que consulte esta declaraci\u00f3n de privacidad regularmente para estar al tanto de cualquier cambio. Adem\u00e1s, le informaremos activamente siempre que sea posible.<\/p>\n<p>7. Acceso y modificaci\u00f3n de sus datos Si tiene alguna pregunta o desea saber qu\u00e9 datos personales tenemos sobre usted, p\u00f3ngase en contacto con nosotros. Puede ponerse en contacto con nosotros utilizando la siguiente informaci\u00f3n. Usted tiene los siguientes derechos:<\/p>\n<p>Usted tiene derecho a saber por qu\u00e9 se necesitan sus datos personales, qu\u00e9 suceder\u00e1 con<br>ellos y durante cu\u00e1nto tiempo se conservar\u00e1n.<br>Derecho de acceso: Tiene derecho a acceder a los datos personales que conocemos<br>sobre usted.<br>Derecho de rectificaci\u00f3n: tiene derecho a completar, rectificar, borrar o bloquear sus datos<br>personales cuando lo desee.<br>Si usted nos da su consentimiento para procesar sus datos, tiene derecho a revocar dicho<br>consentimiento y a que se eliminen sus datos personales.<br>Derecho de cesi\u00f3n de sus datos: tiene derecho a solicitar todos sus datos personales al<br>controlador y a transferirlos \u00edntegramente a otro controlador.<br>Derecho de oposici\u00f3n: usted puede oponerse al tratamiento de sus datos. Nosotros<br>cumplimos con esto, a menos que existan motivos justificados para el procesamiento. Por favor, aseg\u00farese de indicar siempre claramente qui\u00e9n es usted, para que podamos estar seguros de que no modificamos o eliminamos ning\u00fan dato de la persona equivocada.<br>8. Enviando una queja Si no est\u00e1 satisfecho con la forma en que tratamos o procesamos sus datos personales, tiene derecho a presentar una queja a la Autoridad de Protecci\u00f3n de Datos.<\/p>\n<p>9. Responsable de la protecci\u00f3n de datos<br>Nuestro Responsable de la Protecci\u00f3n de Datos ha sido registrado ante la autoridad de protecci\u00f3n de datos de un Estado miembro de la UE. Si tiene alguna pregunta o solicitud con respecto a esta declaraci\u00f3n de privacidad o para el Responsable de la Protecci\u00f3n de Datos, puede ponerse en contacto con :<\/p>\n<p><b>pro-relocation.es<\/b>&nbsp;a trav\u00e9s de&nbsp;info@pro-relocation.com<\/p>\n<p>10. Detalles de contacto:<\/p>\n<p><b>Sitio web: <\/b>https:\/\/pro-relocation.es\/<\/p>\n<p><b>Email: <\/b>info@pro-relocation.com<\/p>\n<p><b>Plaza del Ayuntamiento 19, oficina 3G \u2013 Val\u00e8ncia, Espa\u00f1a<\/b><\/p>\n<p><b>Oficina 1309, 13\u00b0 piso, Creative Tower, Fujairah, EAU.<\/b><\/p>\t\t\t\t\t\t\t\t<\/div>\n\t\t\t\t<\/div>\n\t\t\t\t\t<\/div>\n\t\t\t\t<\/div>\n\t\t\t\t<\/div>","protected":false},"excerpt":{"rendered":"<p>Esta pol\u00edtica de privacidad fue actualizada por \u00faltima vez en diciembre 30, 2024 y es aplicada a los ciudadanos del Espacio Econ\u00f3mico Europeo (UE). En esta declaraci\u00f3n de privacidad, explicamos lo que hacemos con los datos que obtenemos sobre usted a trav\u00e9s de pro-relocation.es\/&nbsp;Le recomendamos que lea atentamente esta declaraci\u00f3n. En nuestro procesamiento cumplimos con [&hellip;]<\/p>","protected":false},"author":1,"featured_media":0,"parent":0,"menu_order":0,"comment_status":"closed","ping_status":"closed","template":"","meta":{"footnotes":""},"class_list":["post-344","page","type-page","status-publish","hentry"],"yoast_head":"<!-- This site is optimized with the Yoast SEO plugin v27.4 - https:\/\/yoast.com\/product\/yoast-seo-wordpress\/ -->\n<title>Pol\u00edticas de privacidad - Pro<\/title>\n<meta name=\"robots\" content=\"index, follow, max-snippet:-1, max-image-preview:large, max-video-preview:-1\" \/>\n<link rel=\"canonical\" href=\"https:\/\/prorelocation.es\/ru\/politicas-de-privacidad\/\" \/>\n<meta property=\"og:locale\" content=\"ru_RU\" \/>\n<meta property=\"og:type\" content=\"article\" \/>\n<meta property=\"og:title\" content=\"Pol\u00edticas de privacidad - Pro\" \/>\n<meta property=\"og:description\" content=\"Esta pol\u00edtica de privacidad fue actualizada por \u00faltima vez en diciembre 30, 2024 y es aplicada a los ciudadanos del Espacio Econ\u00f3mico Europeo (UE). En esta declaraci\u00f3n de privacidad, explicamos lo que hacemos con los datos que obtenemos sobre usted a trav\u00e9s de pro-relocation.es\/&nbsp;Le recomendamos que lea atentamente esta declaraci\u00f3n. En nuestro procesamiento cumplimos con [&hellip;]\" \/>\n<meta property=\"og:url\" content=\"https:\/\/prorelocation.es\/ru\/politicas-de-privacidad\/\" \/>\n<meta property=\"og:site_name\" content=\"Pro\" \/>\n<meta property=\"article:modified_time\" content=\"2025-07-02T10:07:45+00:00\" \/>\n<meta name=\"twitter:card\" content=\"summary_large_image\" \/>\n<meta name=\"twitter:label1\" content=\"\u041f\u0440\u0438\u043c\u0435\u0440\u043d\u043e\u0435 \u0432\u0440\u0435\u043c\u044f \u0434\u043b\u044f \u0447\u0442\u0435\u043d\u0438\u044f\" \/>\n\t<meta name=\"twitter:data1\" content=\"4 \u043c\u0438\u043d\u0443\u0442\u044b\" \/>\n<script type=\"application\/ld+json\" class=\"yoast-schema-graph\">{\"@context\":\"https:\\\/\\\/schema.org\",\"@graph\":[{\"@type\":\"WebPage\",\"@id\":\"https:\\\/\\\/prorelocation.es\\\/politicas-de-privacidad\\\/\",\"url\":\"https:\\\/\\\/prorelocation.es\\\/politicas-de-privacidad\\\/\",\"name\":\"Pol\u00edticas de privacidad - Pro\",\"isPartOf\":{\"@id\":\"https:\\\/\\\/prorelocation.es\\\/#website\"},\"datePublished\":\"2025-07-02T10:05:33+00:00\",\"dateModified\":\"2025-07-02T10:07:45+00:00\",\"breadcrumb\":{\"@id\":\"https:\\\/\\\/prorelocation.es\\\/politicas-de-privacidad\\\/#breadcrumb\"},\"inLanguage\":\"ru-RU\",\"potentialAction\":[{\"@type\":\"ReadAction\",\"target\":[\"https:\\\/\\\/prorelocation.es\\\/politicas-de-privacidad\\\/\"]}]},{\"@type\":\"BreadcrumbList\",\"@id\":\"https:\\\/\\\/prorelocation.es\\\/politicas-de-privacidad\\\/#breadcrumb\",\"itemListElement\":[{\"@type\":\"ListItem\",\"position\":1,\"name\":\"Home\",\"item\":\"https:\\\/\\\/prorelocation.es\\\/\"},{\"@type\":\"ListItem\",\"position\":2,\"name\":\"Pol\u00edticas de privacidad\"}]},{\"@type\":\"WebSite\",\"@id\":\"https:\\\/\\\/prorelocation.es\\\/#website\",\"url\":\"https:\\\/\\\/prorelocation.es\\\/\",\"name\":\"Pro\",\"description\":\"Relocation\",\"publisher\":{\"@id\":\"https:\\\/\\\/prorelocation.es\\\/#organization\"},\"potentialAction\":[{\"@type\":\"SearchAction\",\"target\":{\"@type\":\"EntryPoint\",\"urlTemplate\":\"https:\\\/\\\/prorelocation.es\\\/?s={search_term_string}\"},\"query-input\":{\"@type\":\"PropertyValueSpecification\",\"valueRequired\":true,\"valueName\":\"search_term_string\"}}],\"inLanguage\":\"ru-RU\"},{\"@type\":\"Organization\",\"@id\":\"https:\\\/\\\/prorelocation.es\\\/#organization\",\"name\":\"Pro\",\"url\":\"https:\\\/\\\/prorelocation.es\\\/\",\"logo\":{\"@type\":\"ImageObject\",\"inLanguage\":\"ru-RU\",\"@id\":\"https:\\\/\\\/prorelocation.es\\\/#\\\/schema\\\/logo\\\/image\\\/\",\"url\":\"https:\\\/\\\/prorelocation.es\\\/wp-content\\\/uploads\\\/2025\\\/07\\\/pro-recolaction.png\",\"contentUrl\":\"https:\\\/\\\/prorelocation.es\\\/wp-content\\\/uploads\\\/2025\\\/07\\\/pro-recolaction.png\",\"width\":500,\"height\":119,\"caption\":\"Pro\"},\"image\":{\"@id\":\"https:\\\/\\\/prorelocation.es\\\/#\\\/schema\\\/logo\\\/image\\\/\"}}]}<\/script>\n<!-- \/ Yoast SEO plugin. -->","yoast_head_json":{"title":"Pol\u00edticas de privacidad - Pro","robots":{"index":"index","follow":"follow","max-snippet":"max-snippet:-1","max-image-preview":"max-image-preview:large","max-video-preview":"max-video-preview:-1"},"canonical":"https:\/\/prorelocation.es\/ru\/politicas-de-privacidad\/","og_locale":"ru_RU","og_type":"article","og_title":"Pol\u00edticas de privacidad - Pro","og_description":"Esta pol\u00edtica de privacidad fue actualizada por \u00faltima vez en diciembre 30, 2024 y es aplicada a los ciudadanos del Espacio Econ\u00f3mico Europeo (UE). En esta declaraci\u00f3n de privacidad, explicamos lo que hacemos con los datos que obtenemos sobre usted a trav\u00e9s de pro-relocation.es\/&nbsp;Le recomendamos que lea atentamente esta declaraci\u00f3n. En nuestro procesamiento cumplimos con [&hellip;]","og_url":"https:\/\/prorelocation.es\/ru\/politicas-de-privacidad\/","og_site_name":"Pro","article_modified_time":"2025-07-02T10:07:45+00:00","twitter_card":"summary_large_image","twitter_misc":{"\u041f\u0440\u0438\u043c\u0435\u0440\u043d\u043e\u0435 \u0432\u0440\u0435\u043c\u044f \u0434\u043b\u044f \u0447\u0442\u0435\u043d\u0438\u044f":"4 \u043c\u0438\u043d\u0443\u0442\u044b"},"schema":{"@context":"https:\/\/schema.org","@graph":[{"@type":"WebPage","@id":"https:\/\/prorelocation.es\/politicas-de-privacidad\/","url":"https:\/\/prorelocation.es\/politicas-de-privacidad\/","name":"Pol\u00edticas de privacidad - Pro","isPartOf":{"@id":"https:\/\/prorelocation.es\/#website"},"datePublished":"2025-07-02T10:05:33+00:00","dateModified":"2025-07-02T10:07:45+00:00","breadcrumb":{"@id":"https:\/\/prorelocation.es\/politicas-de-privacidad\/#breadcrumb"},"inLanguage":"ru-RU","potentialAction":[{"@type":"ReadAction","target":["https:\/\/prorelocation.es\/politicas-de-privacidad\/"]}]},{"@type":"BreadcrumbList","@id":"https:\/\/prorelocation.es\/politicas-de-privacidad\/#breadcrumb","itemListElement":[{"@type":"ListItem","position":1,"name":"Home","item":"https:\/\/prorelocation.es\/"},{"@type":"ListItem","position":2,"name":"Pol\u00edticas de privacidad"}]},{"@type":"WebSite","@id":"https:\/\/prorelocation.es\/#website","url":"https:\/\/prorelocation.es\/","name":"Pro","description":"Relocation","publisher":{"@id":"https:\/\/prorelocation.es\/#organization"},"potentialAction":[{"@type":"SearchAction","target":{"@type":"EntryPoint","urlTemplate":"https:\/\/prorelocation.es\/?s={search_term_string}"},"query-input":{"@type":"PropertyValueSpecification","valueRequired":true,"valueName":"search_term_string"}}],"inLanguage":"ru-RU"},{"@type":"Organization","@id":"https:\/\/prorelocation.es\/#organization","name":"Pro","url":"https:\/\/prorelocation.es\/","logo":{"@type":"ImageObject","inLanguage":"ru-RU","@id":"https:\/\/prorelocation.es\/#\/schema\/logo\/image\/","url":"https:\/\/prorelocation.es\/wp-content\/uploads\/2025\/07\/pro-recolaction.png","contentUrl":"https:\/\/prorelocation.es\/wp-content\/uploads\/2025\/07\/pro-recolaction.png","width":500,"height":119,"caption":"Pro"},"image":{"@id":"https:\/\/prorelocation.es\/#\/schema\/logo\/image\/"}}]}},"_links":{"self":[{"href":"https:\/\/prorelocation.es\/ru\/wp-json\/wp\/v2\/pages\/344","targetHints":{"allow":["GET"]}}],"collection":[{"href":"https:\/\/prorelocation.es\/ru\/wp-json\/wp\/v2\/pages"}],"about":[{"href":"https:\/\/prorelocation.es\/ru\/wp-json\/wp\/v2\/types\/page"}],"author":[{"embeddable":true,"href":"https:\/\/prorelocation.es\/ru\/wp-json\/wp\/v2\/users\/1"}],"replies":[{"embeddable":true,"href":"https:\/\/prorelocation.es\/ru\/wp-json\/wp\/v2\/comments?post=344"}],"version-history":[{"count":4,"href":"https:\/\/prorelocation.es\/ru\/wp-json\/wp\/v2\/pages\/344\/revisions"}],"predecessor-version":[{"id":348,"href":"https:\/\/prorelocation.es\/ru\/wp-json\/wp\/v2\/pages\/344\/revisions\/348"}],"wp:attachment":[{"href":"https:\/\/prorelocation.es\/ru\/wp-json\/wp\/v2\/media?parent=344"}],"curies":[{"name":"wp","href":"https:\/\/api.w.org\/{rel}","templated":true}]}}