{"id":126,"date":"2025-07-02T08:08:38","date_gmt":"2025-07-02T08:08:38","guid":{"rendered":"https:\/\/steelblue-dotterel-713263.hostingersite.com\/?page_id=126"},"modified":"2025-07-08T17:00:41","modified_gmt":"2025-07-08T17:00:41","slug":"contacto","status":"publish","type":"page","link":"https:\/\/prorelocation.es\/ru\/contacto\/","title":{"rendered":"Contacto"},"content":{"rendered":"<div data-elementor-type=\"wp-page\" data-elementor-id=\"126\" class=\"elementor elementor-126\" data-elementor-post-type=\"page\">\n\t\t\t\t<div class=\"elementor-element elementor-element-80b9068 e-flex e-con-boxed e-con e-parent\" data-id=\"80b9068\" data-element_type=\"container\" data-e-type=\"container\">\n\t\t\t\t\t<div class=\"e-con-inner\">\n\t\t\t\t<div class=\"elementor-element elementor-element-8a1cf26 elementor-widget elementor-widget-heading\" data-id=\"8a1cf26\" data-element_type=\"widget\" data-e-type=\"widget\" data-widget_type=\"heading.default\">\n\t\t\t\t<div class=\"elementor-widget-container\">\n\t\t\t\t\t<h4 class=\"elementor-heading-title elementor-size-default\">Cont\u00e1ctanos para consultar y tomar una decisi\u00f3n<\/h4>\t\t\t\t<\/div>\n\t\t\t\t<\/div>\n\t\t\t\t\t<\/div>\n\t\t\t\t<\/div>\n\t\t<div class=\"elementor-element elementor-element-6ca22fb e-flex e-con-boxed e-con e-parent\" data-id=\"6ca22fb\" data-element_type=\"container\" data-e-type=\"container\">\n\t\t\t\t\t<div class=\"e-con-inner\">\n\t\t<div class=\"elementor-element elementor-element-eb23781 e-con-full e-flex e-con e-child\" data-id=\"eb23781\" data-element_type=\"container\" data-e-type=\"container\">\n\t\t\t\t<div class=\"elementor-element elementor-element-2ea6126 elementor-widget elementor-widget-google_maps\" data-id=\"2ea6126\" data-element_type=\"widget\" data-e-type=\"widget\" data-widget_type=\"google_maps.default\">\n\t\t\t\t<div class=\"elementor-widget-container\">\n\t\t\t\t\t\t\t<div class=\"elementor-custom-embed\">\n\t\t\t<iframe loading=\"lazy\"\n\t\t\t\t\tsrc=\"https:\/\/maps.google.com\/maps?q=Plaza%20del%20Ayuntamiento%2019%2C%20oficina%203G%20%20Val%C3%A8ncia%2C%20Espa%C3%B1a&#038;t=m&#038;z=10&#038;output=embed&#038;iwloc=near\"\n\t\t\t\t\ttitle=\"Plaza del Ayuntamiento 19, oficina 3G  Val\u00e8ncia, Espa\u00f1a\"\n\t\t\t\t\taria-label=\"Plaza del Ayuntamiento 19, oficina 3G  Val\u00e8ncia, Espa\u00f1a\"\n\t\t\t><\/iframe>\n\t\t<\/div>\n\t\t\t\t\t\t<\/div>\n\t\t\t\t<\/div>\n\t\t\t\t<\/div>\n\t\t<div class=\"elementor-element elementor-element-9f72183 e-con-full e-flex e-con e-child\" data-id=\"9f72183\" data-element_type=\"container\" data-e-type=\"container\">\n\t\t\t\t<div class=\"elementor-element elementor-element-9283179 elementor-widget elementor-widget-text-editor\" data-id=\"9283179\" data-element_type=\"widget\" data-e-type=\"widget\" data-widget_type=\"text-editor.default\">\n\t\t\t\t<div class=\"elementor-widget-container\">\n\t\t\t\t\t\t\t\t\t<p><strong>\u041d\u0430\u0448 \u0430\u0434\u0440\u0435\u0441:<\/strong><\/p><div class=\"text-base my-auto mx-auto py-5 [--thread-content-margin:--spacing(4)] @[37rem]:[--thread-content-margin:--spacing(6)] @[72rem]:[--thread-content-margin:--spacing(16)] px-(--thread-content-margin)\"><div class=\"[--thread-content-max-width:32rem] @[34rem]:[--thread-content-max-width:40rem] @[64rem]:[--thread-content-max-width:48rem] mx-auto flex max-w-(--thread-content-max-width) flex-1 text-base gap-4 md:gap-5 lg:gap-6 group\/turn-messages focus-visible:outline-hidden\" tabindex=\"-1\"><div class=\"group\/conversation-turn relative flex w-full min-w-0 flex-col agent-turn\"><div class=\"relative flex-col gap-1 md:gap-3\"><div class=\"flex max-w-full flex-col grow\"><div class=\"min-h-8 text-message relative flex w-full flex-col items-end gap-2 text-start break-words whitespace-normal [.text-message+&amp;]:mt-5\" dir=\"auto\" data-message-author-role=\"assistant\" data-message-id=\"ad42fd2c-f8e6-4575-8599-a53e6dbc3c1d\" data-message-model-slug=\"gpt-4o\"><div class=\"flex w-full flex-col gap-1 empty:hidden first:pt-[3px]\"><div class=\"markdown prose dark:prose-invert w-full break-words dark\"><p data-start=\"0\" data-end=\"58\">\ud83d\udccd Plaza del Ayuntamiento 19, oficina 3G &#8211; Val\u00e8ncia, Espa\u00f1a<\/p><\/div><\/div><\/div><\/div><\/div><\/div><\/div><\/div><p>Oficina 1309, 13\u00b0 piso, Creative Tower, Fujairah, EAU.<\/p><p><strong>Cont\u00e1ctanos:<\/strong><\/p><p>\ud83d\udcde Tel\u00e9fono, WhatsApp: +34 960730029<\/p><p>\u2709\ufe0f Correo electr\u00f3nico:info@pro-relocation.com<\/p>\t\t\t\t\t\t\t\t<\/div>\n\t\t\t\t<\/div>\n\t\t\t\t<\/div>\n\t\t\t\t\t<\/div>\n\t\t\t\t<\/div>\n\t\t<div class=\"elementor-element elementor-element-ffc3852 e-flex e-con-boxed e-con e-parent\" data-id=\"ffc3852\" data-element_type=\"container\" data-e-type=\"container\">\n\t\t\t\t\t<div class=\"e-con-inner\">\n\t\t\t\t<div class=\"elementor-element elementor-element-f325393 elementor-widget elementor-widget-wpforms\" data-id=\"f325393\" data-element_type=\"widget\" data-e-type=\"widget\" data-widget_type=\"wpforms.default\">\n\t\t\t\t<div class=\"elementor-widget-container\">\n\t\t\t\t\t<style id=\"wpforms-css-vars-elementor-widget-f325393\">\n\t\t\t\t.elementor-widget-wpforms.elementor-element-f325393 {\n\t\t\t\t--wpforms-button-background-color: #C83E4D;\n\t\t\t}\n\t\t\t<\/style><div class=\"wpforms-container wpforms-container-full wpforms-render-modern\" id=\"wpforms-147\"><form id=\"wpforms-form-147\" class=\"wpforms-validate wpforms-form wpforms-ajax-form\" data-formid=\"147\" method=\"post\" enctype=\"multipart\/form-data\" action=\"\/ru\/wp-json\/wp\/v2\/pages\/126\" data-token=\"b66866bbd98ee3ee25c28e63388413ee\" data-token-time=\"1778780194\" data-trp-original-action=\"\/ru\/wp-json\/wp\/v2\/pages\/126\"><noscript class=\"wpforms-error-noscript\">\u0414\u043b\u044f \u0437\u0430\u043f\u043e\u043b\u043d\u0435\u043d\u0438\u044f \u0434\u0430\u043d\u043d\u043e\u0439 \u0444\u043e\u0440\u043c\u044b \u0432\u043a\u043b\u044e\u0447\u0438\u0442\u0435 JavaScript \u0432 \u0431\u0440\u0430\u0443\u0437\u0435\u0440\u0435.<\/noscript><div id=\"wpforms-error-noscript\" style=\"display: none;\">\u0414\u043b\u044f \u0437\u0430\u043f\u043e\u043b\u043d\u0435\u043d\u0438\u044f \u0434\u0430\u043d\u043d\u043e\u0439 \u0444\u043e\u0440\u043c\u044b \u0432\u043a\u043b\u044e\u0447\u0438\u0442\u0435 JavaScript \u0432 \u0431\u0440\u0430\u0443\u0437\u0435\u0440\u0435.<\/div><div class=\"wpforms-field-container\"><div id=\"wpforms-147-field_5-container\" class=\"wpforms-field wpforms-field-name\" data-field-id=\"5\"><input type=\"text\" id=\"wpforms-147-field_5\" class=\"wpforms-field-large\" name=\"wpforms[fields][5]\" placeholder=\"Por favor, escribe tu nombre\" aria-errormessage=\"wpforms-147-field_5-error\" ><\/div><div id=\"wpforms-147-field_2-container\" class=\"wpforms-field wpforms-field-email\" data-field-id=\"2\"><input type=\"email\" id=\"wpforms-147-field_2\" class=\"wpforms-field-large\" name=\"wpforms[fields][2]\" placeholder=\"Tu correo electr\u00f3nico\" spellcheck=\"false\" aria-errormessage=\"wpforms-147-field_2-error\" ><\/div><div id=\"wpforms-147-field_4-container\" class=\"wpforms-field wpforms-field-number\" data-field-id=\"4\"><input type=\"number\" id=\"wpforms-147-field_4\" class=\"wpforms-field-large\" name=\"wpforms[fields][4]\" placeholder=\"Tu tel\u00e9fono\" step=\"any\" aria-errormessage=\"wpforms-147-field_4-error\" ><\/div>\t\t<div id=\"wpforms-147-field_1-container\"\n\t\t\tclass=\"wpforms-field wpforms-field-text\"\n\t\t\tdata-field-type=\"text\"\n\t\t\tdata-field-id=\"1\"\n\t\t\t>\n\t\t\t<label class=\"wpforms-field-label\" for=\"wpforms-147-field_1\" ><\/label>\n\t\t\t<input type=\"text\" id=\"wpforms-147-field_1\" class=\"wpforms-field-medium\" name=\"wpforms[fields][1]\" >\n\t\t<\/div>\n\t\t<div id=\"wpforms-147-field_8-container\" class=\"wpforms-field wpforms-field-textarea\" data-field-id=\"8\"><textarea id=\"wpforms-147-field_8\" class=\"wpforms-field-small\" name=\"wpforms[fields][8]\" placeholder=\"Tu mensaje\" aria-errormessage=\"wpforms-147-field_8-error\" ><\/textarea><\/div><script>\n\t\t\t\t( function() {\n\t\t\t\t\tconst style = document.createElement( 'style' );\n\t\t\t\t\tstyle.appendChild( document.createTextNode( '#wpforms-147-field_1-container { position: absolute !important; overflow: hidden !important; display: inline !important; height: 1px !important; width: 1px !important; z-index: -1000 !important; padding: 0 !important; } #wpforms-147-field_1-container input { visibility: hidden; } #wpforms-conversational-form-page #wpforms-147-field_1-container label { counter-increment: none; }' ) );\n\t\t\t\t\tdocument.head.appendChild( style );\n\t\t\t\t\tdocument.currentScript?.remove();\n\t\t\t\t} )();\n\t\t\t<\/script><\/div><!-- .wpforms-field-container --><div class=\"wpforms-submit-container\" ><input type=\"hidden\" name=\"wpforms[id]\" value=\"147\"><input type=\"hidden\" name=\"page_title\" value=\"\"><input type=\"hidden\" name=\"page_url\" value=\"https:\/\/prorelocation.es\/ru\/wp-json\/wp\/v2\/pages\/126\"><input type=\"hidden\" name=\"url_referer\" value=\"\"><button type=\"submit\" name=\"wpforms[submit]\" id=\"wpforms-submit-147\" class=\"wpforms-submit\" data-alt-text=\"Enviando...\" data-submit-text=\"Enviar\" aria-live=\"assertive\" value=\"wpforms-submit\">Enviar<\/button><img decoding=\"async\" src=\"https:\/\/prorelocation.es\/wp-content\/plugins\/wpforms-lite\/assets\/images\/submit-spin.svg\" class=\"wpforms-submit-spinner\" style=\"display: none;\" width=\"26\" height=\"26\" alt=\"\u0417\u0430\u0433\u0440\u0443\u0437\u043a\u0430\"><\/div><input type=\"hidden\" name=\"trp-form-language\" value=\"ru\"\/><\/form><\/div>  <!-- .wpforms-container -->\t\t\t\t<\/div>\n\t\t\t\t<\/div>\n\t\t\t\t\t<\/div>\n\t\t\t\t<\/div>\n\t\t\t\t<\/div>","protected":false},"excerpt":{"rendered":"<p>Cont\u00e1ctanos para consultar y tomar una decisi\u00f3n Nuestra direcci\u00f3n: \ud83d\udccd Plaza del Ayuntamiento 19, oficina 3G &#8211; Val\u00e8ncia, Espa\u00f1a Oficina 1309, 13\u00b0 piso, Creative Tower, Fujairah, EAU. Cont\u00e1ctanos: \ud83d\udcde Tel\u00e9fono, WhatsApp: +34 960730029 \u2709\ufe0f Correo electr\u00f3nico:info@pro-relocation.com Por favor, activa JavaScript en tu navegador para completar este formulario.Por favor, activa JavaScript en tu navegador para completar [&hellip;]<\/p>","protected":false},"author":1,"featured_media":0,"parent":0,"menu_order":0,"comment_status":"closed","ping_status":"closed","template":"","meta":{"footnotes":""},"class_list":["post-126","page","type-page","status-publish","hentry"],"yoast_head":"<!-- This site is optimized with the Yoast SEO plugin v27.4 - https:\/\/yoast.com\/product\/yoast-seo-wordpress\/ -->\n<title>Contacto - Pro<\/title>\n<meta name=\"robots\" content=\"index, follow, max-snippet:-1, max-image-preview:large, max-video-preview:-1\" \/>\n<link rel=\"canonical\" href=\"https:\/\/prorelocation.es\/ru\/contacto\/\" \/>\n<meta property=\"og:locale\" content=\"ru_RU\" \/>\n<meta property=\"og:type\" content=\"article\" \/>\n<meta property=\"og:title\" content=\"Contacto - Pro\" \/>\n<meta property=\"og:description\" content=\"Cont\u00e1ctanos para consultar y tomar una decisi\u00f3n Nuestra direcci\u00f3n: \ud83d\udccd Plaza del Ayuntamiento 19, oficina 3G &#8211; Val\u00e8ncia, Espa\u00f1a Oficina 1309, 13\u00b0 piso, Creative Tower, Fujairah, EAU. Cont\u00e1ctanos: \ud83d\udcde Tel\u00e9fono, WhatsApp: +34 960730029 \u2709\ufe0f Correo electr\u00f3nico:info@pro-relocation.com Por favor, activa JavaScript en tu navegador para completar este formulario.Por favor, activa JavaScript en tu navegador para completar [&hellip;]\" \/>\n<meta property=\"og:url\" content=\"https:\/\/prorelocation.es\/ru\/contacto\/\" \/>\n<meta property=\"og:site_name\" content=\"Pro\" \/>\n<meta property=\"article:modified_time\" content=\"2025-07-08T17:00:41+00:00\" \/>\n<meta property=\"og:image\" content=\"https:\/\/steelblue-dotterel-713263.hostingersite.com\/wp-content\/plugins\/wpforms-lite\/assets\/images\/submit-spin.svg\" \/>\n<meta name=\"twitter:card\" content=\"summary_large_image\" \/>\n<meta name=\"twitter:label1\" content=\"\u041f\u0440\u0438\u043c\u0435\u0440\u043d\u043e\u0435 \u0432\u0440\u0435\u043c\u044f \u0434\u043b\u044f \u0447\u0442\u0435\u043d\u0438\u044f\" \/>\n\t<meta name=\"twitter:data1\" content=\"1 \u043c\u0438\u043d\u0443\u0442\u0430\" \/>\n<script type=\"application\/ld+json\" class=\"yoast-schema-graph\">{\"@context\":\"https:\\\/\\\/schema.org\",\"@graph\":[{\"@type\":\"WebPage\",\"@id\":\"https:\\\/\\\/prorelocation.es\\\/ru\\\/contacto\\\/\",\"url\":\"https:\\\/\\\/prorelocation.es\\\/ru\\\/contacto\\\/\",\"name\":\"Contacto - Pro\",\"isPartOf\":{\"@id\":\"https:\\\/\\\/prorelocation.es\\\/#website\"},\"primaryImageOfPage\":{\"@id\":\"https:\\\/\\\/prorelocation.es\\\/ru\\\/contacto\\\/#primaryimage\"},\"image\":{\"@id\":\"https:\\\/\\\/prorelocation.es\\\/ru\\\/contacto\\\/#primaryimage\"},\"thumbnailUrl\":\"https:\\\/\\\/steelblue-dotterel-713263.hostingersite.com\\\/wp-content\\\/plugins\\\/wpforms-lite\\\/assets\\\/images\\\/submit-spin.svg\",\"datePublished\":\"2025-07-02T08:08:38+00:00\",\"dateModified\":\"2025-07-08T17:00:41+00:00\",\"breadcrumb\":{\"@id\":\"https:\\\/\\\/prorelocation.es\\\/ru\\\/contacto\\\/#breadcrumb\"},\"inLanguage\":\"ru-RU\",\"potentialAction\":[{\"@type\":\"ReadAction\",\"target\":[\"https:\\\/\\\/prorelocation.es\\\/ru\\\/contacto\\\/\"]}]},{\"@type\":\"ImageObject\",\"inLanguage\":\"ru-RU\",\"@id\":\"https:\\\/\\\/prorelocation.es\\\/ru\\\/contacto\\\/#primaryimage\",\"url\":\"https:\\\/\\\/steelblue-dotterel-713263.hostingersite.com\\\/wp-content\\\/plugins\\\/wpforms-lite\\\/assets\\\/images\\\/submit-spin.svg\",\"contentUrl\":\"https:\\\/\\\/steelblue-dotterel-713263.hostingersite.com\\\/wp-content\\\/plugins\\\/wpforms-lite\\\/assets\\\/images\\\/submit-spin.svg\"},{\"@type\":\"BreadcrumbList\",\"@id\":\"https:\\\/\\\/prorelocation.es\\\/ru\\\/contacto\\\/#breadcrumb\",\"itemListElement\":[{\"@type\":\"ListItem\",\"position\":1,\"name\":\"Home\",\"item\":\"https:\\\/\\\/prorelocation.es\\\/\"},{\"@type\":\"ListItem\",\"position\":2,\"name\":\"Contacto\"}]},{\"@type\":\"WebSite\",\"@id\":\"https:\\\/\\\/prorelocation.es\\\/#website\",\"url\":\"https:\\\/\\\/prorelocation.es\\\/\",\"name\":\"Pro\",\"description\":\"Relocation\",\"publisher\":{\"@id\":\"https:\\\/\\\/prorelocation.es\\\/#organization\"},\"potentialAction\":[{\"@type\":\"SearchAction\",\"target\":{\"@type\":\"EntryPoint\",\"urlTemplate\":\"https:\\\/\\\/prorelocation.es\\\/?s={search_term_string}\"},\"query-input\":{\"@type\":\"PropertyValueSpecification\",\"valueRequired\":true,\"valueName\":\"search_term_string\"}}],\"inLanguage\":\"ru-RU\"},{\"@type\":\"Organization\",\"@id\":\"https:\\\/\\\/prorelocation.es\\\/#organization\",\"name\":\"Pro\",\"url\":\"https:\\\/\\\/prorelocation.es\\\/\",\"logo\":{\"@type\":\"ImageObject\",\"inLanguage\":\"ru-RU\",\"@id\":\"https:\\\/\\\/prorelocation.es\\\/#\\\/schema\\\/logo\\\/image\\\/\",\"url\":\"https:\\\/\\\/prorelocation.es\\\/wp-content\\\/uploads\\\/2025\\\/07\\\/pro-recolaction.png\",\"contentUrl\":\"https:\\\/\\\/prorelocation.es\\\/wp-content\\\/uploads\\\/2025\\\/07\\\/pro-recolaction.png\",\"width\":500,\"height\":119,\"caption\":\"Pro\"},\"image\":{\"@id\":\"https:\\\/\\\/prorelocation.es\\\/#\\\/schema\\\/logo\\\/image\\\/\"}}]}<\/script>\n<!-- \/ Yoast SEO plugin. -->","yoast_head_json":{"title":"Contacto - Pro","robots":{"index":"index","follow":"follow","max-snippet":"max-snippet:-1","max-image-preview":"max-image-preview:large","max-video-preview":"max-video-preview:-1"},"canonical":"https:\/\/prorelocation.es\/ru\/contacto\/","og_locale":"ru_RU","og_type":"article","og_title":"Contacto - Pro","og_description":"Cont\u00e1ctanos para consultar y tomar una decisi\u00f3n Nuestra direcci\u00f3n: \ud83d\udccd Plaza del Ayuntamiento 19, oficina 3G &#8211; Val\u00e8ncia, Espa\u00f1a Oficina 1309, 13\u00b0 piso, Creative Tower, Fujairah, EAU. Cont\u00e1ctanos: \ud83d\udcde Tel\u00e9fono, WhatsApp: +34 960730029 \u2709\ufe0f Correo electr\u00f3nico:info@pro-relocation.com Por favor, activa JavaScript en tu navegador para completar este formulario.Por favor, activa JavaScript en tu navegador para completar [&hellip;]","og_url":"https:\/\/prorelocation.es\/ru\/contacto\/","og_site_name":"Pro","article_modified_time":"2025-07-08T17:00:41+00:00","og_image":[{"url":"https:\/\/steelblue-dotterel-713263.hostingersite.com\/wp-content\/plugins\/wpforms-lite\/assets\/images\/submit-spin.svg","type":"","width":"","height":""}],"twitter_card":"summary_large_image","twitter_misc":{"\u041f\u0440\u0438\u043c\u0435\u0440\u043d\u043e\u0435 \u0432\u0440\u0435\u043c\u044f \u0434\u043b\u044f \u0447\u0442\u0435\u043d\u0438\u044f":"1 \u043c\u0438\u043d\u0443\u0442\u0430"},"schema":{"@context":"https:\/\/schema.org","@graph":[{"@type":"WebPage","@id":"https:\/\/prorelocation.es\/ru\/contacto\/","url":"https:\/\/prorelocation.es\/ru\/contacto\/","name":"Contacto - Pro","isPartOf":{"@id":"https:\/\/prorelocation.es\/#website"},"primaryImageOfPage":{"@id":"https:\/\/prorelocation.es\/ru\/contacto\/#primaryimage"},"image":{"@id":"https:\/\/prorelocation.es\/ru\/contacto\/#primaryimage"},"thumbnailUrl":"https:\/\/steelblue-dotterel-713263.hostingersite.com\/wp-content\/plugins\/wpforms-lite\/assets\/images\/submit-spin.svg","datePublished":"2025-07-02T08:08:38+00:00","dateModified":"2025-07-08T17:00:41+00:00","breadcrumb":{"@id":"https:\/\/prorelocation.es\/ru\/contacto\/#breadcrumb"},"inLanguage":"ru-RU","potentialAction":[{"@type":"ReadAction","target":["https:\/\/prorelocation.es\/ru\/contacto\/"]}]},{"@type":"ImageObject","inLanguage":"ru-RU","@id":"https:\/\/prorelocation.es\/ru\/contacto\/#primaryimage","url":"https:\/\/steelblue-dotterel-713263.hostingersite.com\/wp-content\/plugins\/wpforms-lite\/assets\/images\/submit-spin.svg","contentUrl":"https:\/\/steelblue-dotterel-713263.hostingersite.com\/wp-content\/plugins\/wpforms-lite\/assets\/images\/submit-spin.svg"},{"@type":"BreadcrumbList","@id":"https:\/\/prorelocation.es\/ru\/contacto\/#breadcrumb","itemListElement":[{"@type":"ListItem","position":1,"name":"Home","item":"https:\/\/prorelocation.es\/"},{"@type":"ListItem","position":2,"name":"Contacto"}]},{"@type":"WebSite","@id":"https:\/\/prorelocation.es\/#website","url":"https:\/\/prorelocation.es\/","name":"Pro","description":"Relocation","publisher":{"@id":"https:\/\/prorelocation.es\/#organization"},"potentialAction":[{"@type":"SearchAction","target":{"@type":"EntryPoint","urlTemplate":"https:\/\/prorelocation.es\/?s={search_term_string}"},"query-input":{"@type":"PropertyValueSpecification","valueRequired":true,"valueName":"search_term_string"}}],"inLanguage":"ru-RU"},{"@type":"Organization","@id":"https:\/\/prorelocation.es\/#organization","name":"Pro","url":"https:\/\/prorelocation.es\/","logo":{"@type":"ImageObject","inLanguage":"ru-RU","@id":"https:\/\/prorelocation.es\/#\/schema\/logo\/image\/","url":"https:\/\/prorelocation.es\/wp-content\/uploads\/2025\/07\/pro-recolaction.png","contentUrl":"https:\/\/prorelocation.es\/wp-content\/uploads\/2025\/07\/pro-recolaction.png","width":500,"height":119,"caption":"Pro"},"image":{"@id":"https:\/\/prorelocation.es\/#\/schema\/logo\/image\/"}}]}},"_links":{"self":[{"href":"https:\/\/prorelocation.es\/ru\/wp-json\/wp\/v2\/pages\/126","targetHints":{"allow":["GET"]}}],"collection":[{"href":"https:\/\/prorelocation.es\/ru\/wp-json\/wp\/v2\/pages"}],"about":[{"href":"https:\/\/prorelocation.es\/ru\/wp-json\/wp\/v2\/types\/page"}],"author":[{"embeddable":true,"href":"https:\/\/prorelocation.es\/ru\/wp-json\/wp\/v2\/users\/1"}],"replies":[{"embeddable":true,"href":"https:\/\/prorelocation.es\/ru\/wp-json\/wp\/v2\/comments?post=126"}],"version-history":[{"count":25,"href":"https:\/\/prorelocation.es\/ru\/wp-json\/wp\/v2\/pages\/126\/revisions"}],"predecessor-version":[{"id":1341,"href":"https:\/\/prorelocation.es\/ru\/wp-json\/wp\/v2\/pages\/126\/revisions\/1341"}],"wp:attachment":[{"href":"https:\/\/prorelocation.es\/ru\/wp-json\/wp\/v2\/media?parent=126"}],"curies":[{"name":"wp","href":"https:\/\/api.w.org\/{rel}","templated":true}]}}